{"id":103,"date":"2025-08-14T23:29:27","date_gmt":"2025-08-14T21:29:27","guid":{"rendered":"https:\/\/wordpress2524610.home.pl\/autoinstalator\/wordpresswoocommerce\/?page_id=103"},"modified":"2026-02-09T15:29:22","modified_gmt":"2026-02-09T14:29:22","slug":"cennik","status":"publish","type":"page","link":"https:\/\/bilardwarszawa.pl\/index.php\/cennik\/","title":{"rendered":"cennik"},"content":{"rendered":"\n<figure class=\"wp-block-table\"><table class=\"has-fixed-layout\"><thead><tr><th>Us\u0142uga<\/th><th>Cena do 17:00<\/th><th>Cena po 17:00<\/th><\/tr><\/thead><tbody><tr><td>Bilard<\/td><td>36 z\u0142 \/ godz.<\/td><td>52 z\u0142 \/ godz.<\/td><\/tr><tr><td>Trening<\/td><td>30 z\u0142 \/ godz.<\/td><td>40 z\u0142 \/ godz.<\/td><\/tr><tr><td>Dart<\/td><td>20 z\u0142 \/ godz.<\/td><td>20 z\u0142 \/ godz.<\/td><\/tr><\/tbody><\/table><\/figure>\n\n\n\n<h1 class=\"wp-block-heading\">menu<\/h1>\n\n\n\n<h3 class=\"wp-block-heading\">napoje<\/h3>\n\n\n\n<ul class=\"wp-block-list\">\n<li>Cola \/ Cola 0% \/ Fanta \/ Sprite \/ Cappy \u2013 11 z\u0142<\/li>\n\n\n\n<li>Kinley (klasyczny, Pink, Elderflower) \u2013 10 z\u0142<\/li>\n\n\n\n<li>Fuze Tea (brzoskwinia, cytryna) \u2013 11 z\u0142<\/li>\n\n\n\n<li>Burn (Original, Kiwi, Orange, Guava) \u2013 12 z\u0142<\/li>\n\n\n\n<li>Red Bull &#8211; 15 z\u0142<\/li>\n\n\n\n<li>Woda gazowana \/ niegazowana \u2013 9 z\u0142<\/li>\n\n\n\n<li>Domowa lemoniada 0,5 l \u2013 18 z\u0142<\/li>\n\n\n\n<li>Herbata ma\u0142a \u2013 10 z\u0142<\/li>\n\n\n\n<li>Herbata du\u017ca &#8211; 15 z\u0142<\/li>\n\n\n\n<li>Herbata zimowa &#8211; 18 z\u0142<\/li>\n\n\n\n<li>Espresso \u2013 8 z\u0142<\/li>\n\n\n\n<li>Podw\u00f3jne espresso \u2013 14 z\u0142<\/li>\n\n\n\n<li>Kawa czarna \u2013 10 z\u0142<\/li>\n\n\n\n<li>Cappuccino \u2013 11 z\u0142<\/li>\n\n\n\n<li>Latte Macchiato \u2013 14 z\u0142<\/li>\n\n\n\n<li>Heineken 0% \u2013 16 z\u0142<\/li>\n\n\n\n<li>Karmi 0% \u2013 15 z\u0142<\/li>\n\n\n\n<li>Ksi\u0105\u017c\u0119ce Pszeniczne \/ IPA 0% \u2013 16 z\u0142<\/li>\n\n\n\n<li>Corona 0% \u2013 14 z\u0142<\/li>\n\n\n\n<li>Somersby 0%  \u2013 14 z\u0142<\/li>\n\n\n\n<li>\u017bywiec 0% \u2013 15 z\u0142<\/li>\n\n\n\n<li>Monster \u2013 15 z\u0142<\/li>\n<\/ul>\n\n\n\n<hr class=\"wp-block-separator has-alpha-channel-opacity\"\/>\n\n\n\n<h3 class=\"wp-block-heading\">Przek\u0105ski<\/h3>\n\n\n\n<ul class=\"wp-block-list\">\n<li>Baton Grze\u015bki \u2013  7 z\u0142<\/li>\n\n\n\n<li>Rogalik 7Days \u2013 7 z\u0142<\/li>\n\n\n\n<li>Baton Snickers \u2013 9 z\u0142<\/li>\n\n\n\n<li>Chipsy \u2013 12 z\u0142<\/li>\n\n\n\n<li>Orzeszki \u2013 14 z\u0142<\/li>\n\n\n\n<li>Paluszki \u2013 6 z\u0142<\/li>\n\n\n\n<li>Tosty \u2013 15 z\u0142<\/li>\n\n\n\n<li>Nachosy \u2013 18 z\u0142<\/li>\n<\/ul>\n\n\n\n<div class=\"wp-block-group is-nowrap is-layout-flex wp-container-core-group-is-layout-6c531013 wp-block-group-is-layout-flex\">\n<h3 class=\"wp-block-heading\">PIZZA<\/h3>\n<\/div>\n\n\n\n<figure class=\"wp-block-table\"><table class=\"has-fixed-layout\"><tbody><tr><td>Pizza<\/td><td>Ma\u0142a<\/td><td>\u015arednia<\/td><td>Du\u017ca<\/td><\/tr><tr><td>Margherita<\/td><td>35 z\u0142<\/td><td>39 z\u0142<\/td><td>42 z\u0142<\/td><\/tr><tr><td>Pepperoni<\/td><td>45 z\u0142<\/td><td>58 z\u0142<\/td><td>65 z\u0142<\/td><\/tr><tr><td>Capricciosa<\/td><td>45 z\u0142<\/td><td>58 z\u0142<\/td><td>65 z\u0142<\/td><\/tr><tr><td>Hawajska<\/td><td>45 z\u0142<\/td><td>58 z\u0142<\/td><td>65 z\u0142<\/td><\/tr><tr><td>Farmhouse<\/td><td>45 z\u0142<\/td><td>58 z\u0142<\/td><td>65 z\u0142<\/td><\/tr><tr><td>Diavola<\/td><td>48 z\u0142<\/td><td>66 z\u0142<\/td><td>73 z\u0142<\/td><\/tr><tr><td>Vegetariana<\/td><td>45 z\u0142<\/td><td>58 z\u0142<\/td><td>65 z\u0142<\/td><\/tr><tr><td>4 Cheese<\/td><td>54 z\u0142<\/td><td>73 z\u0142<\/td><td>77 z\u0142<\/td><\/tr><\/tbody><\/table><\/figure>\n\n\n\n<p>Sos Pomidorowy\/czosnkowy &#8211; 5 z\u0142<br>Czas oczekiwania &#8211; oko\u0142o 30 min<br>Darmowa dostawa od 50 z\u0142, poni\u017cej tej warto\u015bci obowi\u0105zuje dop\u0142ata<\/p>\n","protected":false},"excerpt":{"rendered":"<p> [&hellip;]<\/p>\n","protected":false},"author":1,"featured_media":0,"parent":0,"menu_order":0,"comment_status":"closed","ping_status":"closed","template":"","meta":{"footnotes":""},"class_list":["post-103","page","type-page","status-publish","hentry"],"_links":{"self":[{"href":"https:\/\/bilardwarszawa.pl\/index.php\/wp-json\/wp\/v2\/pages\/103","targetHints":{"allow":["GET"]}}],"collection":[{"href":"https:\/\/bilardwarszawa.pl\/index.php\/wp-json\/wp\/v2\/pages"}],"about":[{"href":"https:\/\/bilardwarszawa.pl\/index.php\/wp-json\/wp\/v2\/types\/page"}],"author":[{"embeddable":true,"href":"https:\/\/bilardwarszawa.pl\/index.php\/wp-json\/wp\/v2\/users\/1"}],"replies":[{"embeddable":true,"href":"https:\/\/bilardwarszawa.pl\/index.php\/wp-json\/wp\/v2\/comments?post=103"}],"version-history":[{"count":13,"href":"https:\/\/bilardwarszawa.pl\/index.php\/wp-json\/wp\/v2\/pages\/103\/revisions"}],"predecessor-version":[{"id":227,"href":"https:\/\/bilardwarszawa.pl\/index.php\/wp-json\/wp\/v2\/pages\/103\/revisions\/227"}],"wp:attachment":[{"href":"https:\/\/bilardwarszawa.pl\/index.php\/wp-json\/wp\/v2\/media?parent=103"}],"curies":[{"name":"wp","href":"https:\/\/api.w.org\/{rel}","templated":true}]}}